{"id":570,"date":"2026-02-23T12:56:47","date_gmt":"2026-02-23T12:56:47","guid":{"rendered":"https:\/\/cryo.nytelweb.net\/?page_id=570"},"modified":"2026-02-26T09:20:57","modified_gmt":"2026-02-26T09:20:57","slug":"servicio-co2","status":"publish","type":"page","link":"https:\/\/tiansl.es\/en\/servicio-co2\/","title":{"rendered":"C02 Services"},"content":{"rendered":"<div data-elementor-type=\"wp-page\" data-elementor-id=\"570\" class=\"elementor elementor-570\" data-elementor-post-type=\"page\">\n\t\t\t\t<div class=\"elementor-element elementor-element-1ccd02b e-con-full e-flex e-con e-parent\" data-id=\"1ccd02b\" data-element_type=\"container\" data-e-type=\"container\" data-settings=\"{&quot;background_background&quot;:&quot;classic&quot;}\">\n\t\t<div class=\"elementor-element elementor-element-b93c8cb e-flex e-con-boxed e-con e-child\" data-id=\"b93c8cb\" data-element_type=\"container\" data-e-type=\"container\">\n\t\t\t\t\t<div class=\"e-con-inner\">\n\t\t\t\t\t<\/div>\n\t\t\t\t<\/div>\n\t\t<div class=\"elementor-element elementor-element-6052a98 e-con-full e-flex e-con e-child\" data-id=\"6052a98\" data-element_type=\"container\" data-e-type=\"container\">\n\t\t\t\t<div class=\"elementor-element elementor-element-570ce72 elementor-widget elementor-widget-image\" data-id=\"570ce72\" data-element_type=\"widget\" data-e-type=\"widget\" data-widget_type=\"image.default\">\n\t\t\t\t\t\t\t\t\t\t\t\t\t\t\t<img fetchpriority=\"high\" decoding=\"async\" width=\"800\" height=\"84\" src=\"https:\/\/tiansl.es\/wp-content\/uploads\/2026\/02\/Rectangle-5.svg\" class=\"attachment-large size-large wp-image-802\" alt=\"\" \/>\t\t\t\t\t\t\t\t\t\t\t\t\t\t\t<\/div>\n\t\t\t\t<\/div>\n\t\t\t\t<\/div>\n\t\t<div class=\"elementor-element elementor-element-e771aea e-flex e-con-boxed e-con e-parent\" data-id=\"e771aea\" data-element_type=\"container\" data-e-type=\"container\" data-settings=\"{&quot;background_background&quot;:&quot;classic&quot;}\">\n\t\t\t\t\t<div class=\"e-con-inner\">\n\t\t\t\t<div class=\"elementor-element elementor-element-08a7974 elementor-widget elementor-widget-spacer\" data-id=\"08a7974\" data-element_type=\"widget\" data-e-type=\"widget\" data-widget_type=\"spacer.default\">\n\t\t\t\t\t\t\t<div class=\"elementor-spacer\">\n\t\t\t<div class=\"elementor-spacer-inner\"><\/div>\n\t\t<\/div>\n\t\t\t\t\t\t<\/div>\n\t\t\t\t\t<\/div>\n\t\t\t\t<\/div>\n\t\t<div class=\"elementor-element elementor-element-b1bf512 e-con-full e-flex e-con e-parent\" data-id=\"b1bf512\" data-element_type=\"container\" data-e-type=\"container\" data-settings=\"{&quot;background_background&quot;:&quot;classic&quot;}\">\n\t\t<div class=\"elementor-element elementor-element-f162bca e-con-full e-flex e-con e-child\" data-id=\"f162bca\" data-element_type=\"container\" data-e-type=\"container\">\n\t\t\t\t<div class=\"elementor-element elementor-element-6e7b756 elementor-widget elementor-widget-image\" data-id=\"6e7b756\" data-element_type=\"widget\" data-e-type=\"widget\" data-widget_type=\"image.default\">\n\t\t\t\t\t\t\t\t\t\t\t\t\t\t\t<img decoding=\"async\" src=\"https:\/\/cryo.nytelweb.net\/wp-content\/uploads\/2026\/02\/Gemini_Generated_Image_o8p0o7o8p0o7o8p0-3-scaled.webp\" title=\"\" alt=\"\" loading=\"lazy\" \/>\t\t\t\t\t\t\t\t\t\t\t\t\t\t\t<\/div>\n\t\t\t\t<\/div>\n\t\t<div class=\"elementor-element elementor-element-18a5c29 e-con-full e-flex e-con e-child\" data-id=\"18a5c29\" data-element_type=\"container\" data-e-type=\"container\">\n\t\t\t\t<div class=\"elementor-element elementor-element-6470386 elementor-widget__width-initial elementor-widget elementor-widget-heading\" data-id=\"6470386\" data-element_type=\"widget\" data-e-type=\"widget\" data-widget_type=\"heading.default\">\n\t\t\t\t\t<h2 class=\"elementor-heading-title elementor-size-default\">Innovators in  <span style=\"color: #0374D5\">Cryogenic Logistics<\/span><\/h2>\t\t\t\t<\/div>\n\t\t\t\t<div class=\"elementor-element elementor-element-a6af68c elementor-widget__width-initial elementor-widget elementor-widget-text-editor\" data-id=\"a6af68c\" data-element_type=\"widget\" data-e-type=\"widget\" data-widget_type=\"text-editor.default\">\n\t\t\t\t\t\t\t\t\t<p data-path-to-node=\"13\" class=\"translation-block\">Backed by decades of group experience in multimodal logistics, Cryo deploys its deep expertise <i data-path-to-node=\"13\" data-index-in-node=\"121\">know-how<\/i> to offer innovative transport solutions perfectly adapted to the specific needs of every industrial sector.<\/p>\t\t\t\t\t\t\t\t<\/div>\n\t\t\t\t<div class=\"elementor-element elementor-element-75faa1a elementor-widget__width-initial elementor-widget elementor-widget-text-editor\" data-id=\"75faa1a\" data-element_type=\"widget\" data-e-type=\"widget\" data-widget_type=\"text-editor.default\">\n\t\t\t\t\t\t\t\t\t<p data-path-to-node=\"14\">At Cryo, we don\u2019t just transport; we co-create tailored solutions with you to solve your most complex logistical challenges regarding cryogenic gases. Are you looking for a reliable partner at the forefront of technology and safety? By choosing Cryo, you are choosing a strategic partner for the future of your operations.<\/p>\t\t\t\t\t\t\t\t<\/div>\n\t\t\t\t<\/div>\n\t\t\t\t<\/div>\n\t\t<div class=\"elementor-element elementor-element-8996446 e-flex e-con-boxed e-con e-parent\" data-id=\"8996446\" data-element_type=\"container\" data-e-type=\"container\">\n\t\t\t\t\t<div class=\"e-con-inner\">\n\t\t\t\t<div class=\"elementor-element elementor-element-00a61fe elementor-widget elementor-widget-spacer\" data-id=\"00a61fe\" data-element_type=\"widget\" data-e-type=\"widget\" data-widget_type=\"spacer.default\">\n\t\t\t\t\t\t\t<div class=\"elementor-spacer\">\n\t\t\t<div class=\"elementor-spacer-inner\"><\/div>\n\t\t<\/div>\n\t\t\t\t\t\t<\/div>\n\t\t\t\t\t<\/div>\n\t\t\t\t<\/div>\n\t\t<div class=\"elementor-element elementor-element-3db626b e-flex e-con-boxed e-con e-parent\" data-id=\"3db626b\" data-element_type=\"container\" data-e-type=\"container\">\n\t\t\t\t\t<div class=\"e-con-inner\">\n\t\t<div class=\"elementor-element elementor-element-fcf88ac e-con-full e-flex e-con e-child\" data-id=\"fcf88ac\" data-element_type=\"container\" data-e-type=\"container\" data-settings=\"{&quot;background_background&quot;:&quot;classic&quot;}\">\n\t\t\t\t<div class=\"elementor-element elementor-element-13f45b4 elementor-widget elementor-widget-image\" data-id=\"13f45b4\" data-element_type=\"widget\" data-e-type=\"widget\" data-widget_type=\"image.default\">\n\t\t\t\t\t\t\t\t\t\t\t\t\t\t\t<img decoding=\"async\" src=\"https:\/\/cryo.nytelweb.net\/wp-content\/uploads\/2026\/02\/20200206_110018-1-scaled.jpg\" title=\"\" alt=\"\" loading=\"lazy\" \/>\t\t\t\t\t\t\t\t\t\t\t\t\t\t\t<\/div>\n\t\t\t\t<\/div>\n\t\t<div class=\"elementor-element elementor-element-4337159 e-con-full e-flex e-con e-child\" data-id=\"4337159\" data-element_type=\"container\" data-e-type=\"container\">\n\t\t<div class=\"elementor-element elementor-element-1e9133e e-con-full e-flex e-con e-child\" data-id=\"1e9133e\" data-element_type=\"container\" data-e-type=\"container\">\n\t\t\t\t<div class=\"elementor-element elementor-element-6b11d35 elementor-widget__width-initial elementor-widget elementor-widget-heading\" data-id=\"6b11d35\" data-element_type=\"widget\" data-e-type=\"widget\" data-widget_type=\"heading.default\">\n\t\t\t\t\t<h2 class=\"elementor-heading-title elementor-size-default translation-block\">Cryo: Advising You to Create the<span style=\"color: #0374D5\"> Solutions of Tomorrow <\/span><\/h2>\t\t\t\t<\/div>\n\t\t\t\t<div class=\"elementor-element elementor-element-e133512 elementor-widget__width-initial elementor-widget elementor-widget-text-editor\" data-id=\"e133512\" data-element_type=\"widget\" data-e-type=\"widget\" data-widget_type=\"text-editor.default\">\n\t\t\t\t\t\t\t\t\t<p data-path-to-node=\"20\">Cryogenic gases (such as nitrogen, oxygen, argon, LNG, or hydrogen) play a key role in countless sectors\u2014from healthcare and food to heavy industry and new energies. However, their supply chain presents unique challenges that demand expert management.<\/p><p data-path-to-node=\"21\">The transport and supply chain management of these gases must operate under the strictest safety and efficiency conditions. That is why Cryo supports you at every stage, offering a suite of reliable services, customized containerized equipment, and specialized technical advice to ensure the successful deployment of each of your cryogenic projects while guaranteeing supply continuity.<\/p>\t\t\t\t\t\t\t\t<\/div>\n\t\t\t\t<\/div>\n\t\t\t\t<\/div>\n\t\t\t\t\t<\/div>\n\t\t\t\t<\/div>\n\t\t<div class=\"elementor-element elementor-element-f93a8f3 e-flex e-con-boxed e-con e-parent\" data-id=\"f93a8f3\" data-element_type=\"container\" data-e-type=\"container\">\n\t\t\t\t\t<div class=\"e-con-inner\">\n\t\t\t\t<div class=\"elementor-element elementor-element-0dd77f4 elementor-widget elementor-widget-spacer\" data-id=\"0dd77f4\" data-element_type=\"widget\" data-e-type=\"widget\" data-widget_type=\"spacer.default\">\n\t\t\t\t\t\t\t<div class=\"elementor-spacer\">\n\t\t\t<div class=\"elementor-spacer-inner\"><\/div>\n\t\t<\/div>\n\t\t\t\t\t\t<\/div>\n\t\t\t\t\t<\/div>\n\t\t\t\t<\/div>\n\t\t<div class=\"elementor-element elementor-element-bf93f1f e-flex e-con-boxed e-con e-parent\" data-id=\"bf93f1f\" data-element_type=\"container\" data-e-type=\"container\">\n\t\t\t\t\t<div class=\"e-con-inner\">\n\t\t<div class=\"elementor-element elementor-element-59eb5a0 e-con-full e-flex e-con e-child\" data-id=\"59eb5a0\" data-element_type=\"container\" data-e-type=\"container\" data-settings=\"{&quot;background_background&quot;:&quot;video&quot;,&quot;background_video_link&quot;:&quot;https:\\\/\\\/cryo.nytelweb.net\\\/wp-content\\\/uploads\\\/2026\\\/02\\\/Diseno-Sin-Titulo-2.mp4&quot;,&quot;background_video_start&quot;:0}\">\n\t\t<div class=\"elementor-background-video-container elementor-hidden-mobile\">\n\t\t\t\t\t\t\t<video class=\"elementor-background-video-hosted\" role=\"presentation\" autoplay muted playsinline loop><\/video>\n\t\t\t\t\t<\/div><div class=\"elementor-element elementor-element-0da46ee e-con-full e-flex e-con e-child\" data-id=\"0da46ee\" data-element_type=\"container\" data-e-type=\"container\">\n\t\t\t\t<\/div>\n\t\t<div class=\"elementor-element elementor-element-36018f0 e-con-full efecto-glass-dark e-flex e-con e-child\" data-id=\"36018f0\" data-element_type=\"container\" data-e-type=\"container\">\n\t\t<div class=\"elementor-element elementor-element-fa9f3da e-con-full e-flex e-con e-child\" data-id=\"fa9f3da\" data-element_type=\"container\" data-e-type=\"container\">\n\t\t\t\t<div class=\"elementor-element elementor-element-179ef55 elementor-widget__width-initial elementor-widget elementor-widget-heading\" data-id=\"179ef55\" data-element_type=\"widget\" data-e-type=\"widget\" data-widget_type=\"heading.default\">\n\t\t\t\t\t<h2 class=\"elementor-heading-title elementor-size-default\">\nNeed Expert Advice?<\/h2>\t\t\t\t<\/div>\n\t\t\t\t<div class=\"elementor-element elementor-element-95e72ee elementor-widget__width-initial elementor-widget elementor-widget-text-editor\" data-id=\"95e72ee\" data-element_type=\"widget\" data-e-type=\"widget\" data-widget_type=\"text-editor.default\">\n\t\t\t\t\t\t\t\t\t<p>We solve your liquefied or compressed gas transport needs. From equipment rental to full logistics management and supply, we guarantee safety and efficiency on every journey.<\/p>\t\t\t\t\t\t\t\t<\/div>\n\t\t\t\t<div class=\"elementor-element elementor-element-5c8769b elementor-widget elementor-widget-button\" data-id=\"5c8769b\" data-element_type=\"widget\" data-e-type=\"widget\" data-widget_type=\"button.default\">\n\t\t\t\t\t\t\t\t\t\t<a class=\"elementor-button elementor-button-link elementor-size-sm\" href=\"https:\/\/cryo.nytelweb.net\/index.php\/contacto\/\">\n\t\t\t\t\t\t<span class=\"elementor-button-content-wrapper\">\n\t\t\t\t\t\t\t\t\t<span class=\"elementor-button-text\">Contact Us<\/span>\n\t\t\t\t\t<\/span>\n\t\t\t\t\t<\/a>\n\t\t\t\t\t\t\t\t<\/div>\n\t\t\t\t<\/div>\n\t\t\t\t<\/div>\n\t\t\t\t<\/div>\n\t\t\t\t\t<\/div>\n\t\t\t\t<\/div>\n\t\t\t\t<\/div>","protected":false},"excerpt":{"rendered":"<p>Somos innovadores en log\u00edstica criog\u00e9nica Con el respaldo de d\u00e9cadas de experiencia del grupo en log\u00edstica multimodal, Cryo despliega su profundo know-how para ofrecer soluciones de transporte innovadoras y perfectamente adaptadas a las necesidades espec\u00edficas de cada sector industrial. En Cryo no solo transportamos; co-creamos contigo soluciones a medida para resolver tus desaf\u00edos log\u00edsticos m\u00e1s [&hellip;]<\/p>\n","protected":false},"author":1,"featured_media":0,"parent":0,"menu_order":0,"comment_status":"closed","ping_status":"closed","template":"elementor_header_footer","meta":{"footnotes":""},"class_list":["post-570","page","type-page","status-publish","hentry"],"yoast_head":"<!-- This site is optimized with the Yoast SEO plugin v27.3 - https:\/\/yoast.com\/product\/yoast-seo-wordpress\/ -->\n<title>Servicio CO2 - Tian<\/title>\n<meta name=\"robots\" content=\"index, follow, max-snippet:-1, max-image-preview:large, max-video-preview:-1\" \/>\n<link rel=\"canonical\" href=\"https:\/\/tiansl.es\/en\/servicio-co2\/\" \/>\n<meta property=\"og:locale\" content=\"en_GB\" \/>\n<meta property=\"og:type\" content=\"article\" \/>\n<meta property=\"og:title\" content=\"Servicio CO2 - Tian\" \/>\n<meta property=\"og:description\" content=\"Somos innovadores en log\u00edstica criog\u00e9nica Con el respaldo de d\u00e9cadas de experiencia del grupo en log\u00edstica multimodal, Cryo despliega su profundo know-how para ofrecer soluciones de transporte innovadoras y perfectamente adaptadas a las necesidades espec\u00edficas de cada sector industrial. En Cryo no solo transportamos; co-creamos contigo soluciones a medida para resolver tus desaf\u00edos log\u00edsticos m\u00e1s [&hellip;]\" \/>\n<meta property=\"og:url\" content=\"https:\/\/tiansl.es\/en\/servicio-co2\/\" \/>\n<meta property=\"og:site_name\" content=\"Tian\" \/>\n<meta property=\"article:modified_time\" content=\"2026-02-26T09:20:57+00:00\" \/>\n<meta property=\"og:image\" content=\"https:\/\/cryo.nytelweb.net\/wp-content\/uploads\/2026\/02\/Rectangle-5.svg\" \/>\n<meta name=\"twitter:card\" content=\"summary_large_image\" \/>\n<meta name=\"twitter:label1\" content=\"Estimated reading time\" \/>\n\t<meta name=\"twitter:data1\" content=\"2 minutes\" \/>\n<script type=\"application\/ld+json\" class=\"yoast-schema-graph\">{\"@context\":\"https:\\\/\\\/schema.org\",\"@graph\":[{\"@type\":\"WebPage\",\"@id\":\"https:\\\/\\\/tiansl.es\\\/servicio-co2\\\/\",\"url\":\"https:\\\/\\\/tiansl.es\\\/servicio-co2\\\/\",\"name\":\"Servicio CO2 - Tian\",\"isPartOf\":{\"@id\":\"https:\\\/\\\/tiansl.es\\\/#website\"},\"primaryImageOfPage\":{\"@id\":\"https:\\\/\\\/tiansl.es\\\/servicio-co2\\\/#primaryimage\"},\"image\":{\"@id\":\"https:\\\/\\\/tiansl.es\\\/servicio-co2\\\/#primaryimage\"},\"thumbnailUrl\":\"https:\\\/\\\/cryo.nytelweb.net\\\/wp-content\\\/uploads\\\/2026\\\/02\\\/Rectangle-5.svg\",\"datePublished\":\"2026-02-23T12:56:47+00:00\",\"dateModified\":\"2026-02-26T09:20:57+00:00\",\"breadcrumb\":{\"@id\":\"https:\\\/\\\/tiansl.es\\\/servicio-co2\\\/#breadcrumb\"},\"inLanguage\":\"en-GB\",\"potentialAction\":[{\"@type\":\"ReadAction\",\"target\":[\"https:\\\/\\\/tiansl.es\\\/servicio-co2\\\/\"]}]},{\"@type\":\"ImageObject\",\"inLanguage\":\"en-GB\",\"@id\":\"https:\\\/\\\/tiansl.es\\\/servicio-co2\\\/#primaryimage\",\"url\":\"https:\\\/\\\/cryo.nytelweb.net\\\/wp-content\\\/uploads\\\/2026\\\/02\\\/Rectangle-5.svg\",\"contentUrl\":\"https:\\\/\\\/cryo.nytelweb.net\\\/wp-content\\\/uploads\\\/2026\\\/02\\\/Rectangle-5.svg\"},{\"@type\":\"BreadcrumbList\",\"@id\":\"https:\\\/\\\/tiansl.es\\\/servicio-co2\\\/#breadcrumb\",\"itemListElement\":[{\"@type\":\"ListItem\",\"position\":1,\"name\":\"Portada\",\"item\":\"https:\\\/\\\/tiansl.es\\\/\"},{\"@type\":\"ListItem\",\"position\":2,\"name\":\"Servicio CO2\"}]},{\"@type\":\"WebSite\",\"@id\":\"https:\\\/\\\/tiansl.es\\\/#website\",\"url\":\"https:\\\/\\\/tiansl.es\\\/\",\"name\":\"Tian\",\"description\":\"\",\"publisher\":{\"@id\":\"https:\\\/\\\/tiansl.es\\\/#organization\"},\"potentialAction\":[{\"@type\":\"SearchAction\",\"target\":{\"@type\":\"EntryPoint\",\"urlTemplate\":\"https:\\\/\\\/tiansl.es\\\/?s={search_term_string}\"},\"query-input\":{\"@type\":\"PropertyValueSpecification\",\"valueRequired\":true,\"valueName\":\"search_term_string\"}}],\"inLanguage\":\"en-GB\"},{\"@type\":\"Organization\",\"@id\":\"https:\\\/\\\/tiansl.es\\\/#organization\",\"name\":\"Tian\",\"url\":\"https:\\\/\\\/tiansl.es\\\/\",\"logo\":{\"@type\":\"ImageObject\",\"inLanguage\":\"en-GB\",\"@id\":\"https:\\\/\\\/tiansl.es\\\/#\\\/schema\\\/logo\\\/image\\\/\",\"url\":\"https:\\\/\\\/tiansl.es\\\/wp-content\\\/uploads\\\/2026\\\/02\\\/cropped-Diseno-sin-titulo-2-1.png\",\"contentUrl\":\"https:\\\/\\\/tiansl.es\\\/wp-content\\\/uploads\\\/2026\\\/02\\\/cropped-Diseno-sin-titulo-2-1.png\",\"width\":404,\"height\":167,\"caption\":\"Tian\"},\"image\":{\"@id\":\"https:\\\/\\\/tiansl.es\\\/#\\\/schema\\\/logo\\\/image\\\/\"}}]}<\/script>\n<!-- \/ Yoast SEO plugin. -->","yoast_head_json":{"title":"Servicio CO2 - Tian","robots":{"index":"index","follow":"follow","max-snippet":"max-snippet:-1","max-image-preview":"max-image-preview:large","max-video-preview":"max-video-preview:-1"},"canonical":"https:\/\/tiansl.es\/en\/servicio-co2\/","og_locale":"en_GB","og_type":"article","og_title":"Servicio CO2 - Tian","og_description":"Somos innovadores en log\u00edstica criog\u00e9nica Con el respaldo de d\u00e9cadas de experiencia del grupo en log\u00edstica multimodal, Cryo despliega su profundo know-how para ofrecer soluciones de transporte innovadoras y perfectamente adaptadas a las necesidades espec\u00edficas de cada sector industrial. En Cryo no solo transportamos; co-creamos contigo soluciones a medida para resolver tus desaf\u00edos log\u00edsticos m\u00e1s [&hellip;]","og_url":"https:\/\/tiansl.es\/en\/servicio-co2\/","og_site_name":"Tian","article_modified_time":"2026-02-26T09:20:57+00:00","og_image":[{"url":"https:\/\/cryo.nytelweb.net\/wp-content\/uploads\/2026\/02\/Rectangle-5.svg","type":"","width":"","height":""}],"twitter_card":"summary_large_image","twitter_misc":{"Estimated reading time":"2 minutes"},"schema":{"@context":"https:\/\/schema.org","@graph":[{"@type":"WebPage","@id":"https:\/\/tiansl.es\/servicio-co2\/","url":"https:\/\/tiansl.es\/servicio-co2\/","name":"Servicio CO2 - Tian","isPartOf":{"@id":"https:\/\/tiansl.es\/#website"},"primaryImageOfPage":{"@id":"https:\/\/tiansl.es\/servicio-co2\/#primaryimage"},"image":{"@id":"https:\/\/tiansl.es\/servicio-co2\/#primaryimage"},"thumbnailUrl":"https:\/\/cryo.nytelweb.net\/wp-content\/uploads\/2026\/02\/Rectangle-5.svg","datePublished":"2026-02-23T12:56:47+00:00","dateModified":"2026-02-26T09:20:57+00:00","breadcrumb":{"@id":"https:\/\/tiansl.es\/servicio-co2\/#breadcrumb"},"inLanguage":"en-GB","potentialAction":[{"@type":"ReadAction","target":["https:\/\/tiansl.es\/servicio-co2\/"]}]},{"@type":"ImageObject","inLanguage":"en-GB","@id":"https:\/\/tiansl.es\/servicio-co2\/#primaryimage","url":"https:\/\/cryo.nytelweb.net\/wp-content\/uploads\/2026\/02\/Rectangle-5.svg","contentUrl":"https:\/\/cryo.nytelweb.net\/wp-content\/uploads\/2026\/02\/Rectangle-5.svg"},{"@type":"BreadcrumbList","@id":"https:\/\/tiansl.es\/servicio-co2\/#breadcrumb","itemListElement":[{"@type":"ListItem","position":1,"name":"Portada","item":"https:\/\/tiansl.es\/"},{"@type":"ListItem","position":2,"name":"Servicio CO2"}]},{"@type":"WebSite","@id":"https:\/\/tiansl.es\/#website","url":"https:\/\/tiansl.es\/","name":"Tian","description":"","publisher":{"@id":"https:\/\/tiansl.es\/#organization"},"potentialAction":[{"@type":"SearchAction","target":{"@type":"EntryPoint","urlTemplate":"https:\/\/tiansl.es\/?s={search_term_string}"},"query-input":{"@type":"PropertyValueSpecification","valueRequired":true,"valueName":"search_term_string"}}],"inLanguage":"en-GB"},{"@type":"Organization","@id":"https:\/\/tiansl.es\/#organization","name":"Tian","url":"https:\/\/tiansl.es\/","logo":{"@type":"ImageObject","inLanguage":"en-GB","@id":"https:\/\/tiansl.es\/#\/schema\/logo\/image\/","url":"https:\/\/tiansl.es\/wp-content\/uploads\/2026\/02\/cropped-Diseno-sin-titulo-2-1.png","contentUrl":"https:\/\/tiansl.es\/wp-content\/uploads\/2026\/02\/cropped-Diseno-sin-titulo-2-1.png","width":404,"height":167,"caption":"Tian"},"image":{"@id":"https:\/\/tiansl.es\/#\/schema\/logo\/image\/"}}]}},"_links":{"self":[{"href":"https:\/\/tiansl.es\/en\/wp-json\/wp\/v2\/pages\/570","targetHints":{"allow":["GET"]}}],"collection":[{"href":"https:\/\/tiansl.es\/en\/wp-json\/wp\/v2\/pages"}],"about":[{"href":"https:\/\/tiansl.es\/en\/wp-json\/wp\/v2\/types\/page"}],"author":[{"embeddable":true,"href":"https:\/\/tiansl.es\/en\/wp-json\/wp\/v2\/users\/1"}],"replies":[{"embeddable":true,"href":"https:\/\/tiansl.es\/en\/wp-json\/wp\/v2\/comments?post=570"}],"version-history":[{"count":40,"href":"https:\/\/tiansl.es\/en\/wp-json\/wp\/v2\/pages\/570\/revisions"}],"predecessor-version":[{"id":948,"href":"https:\/\/tiansl.es\/en\/wp-json\/wp\/v2\/pages\/570\/revisions\/948"}],"wp:attachment":[{"href":"https:\/\/tiansl.es\/en\/wp-json\/wp\/v2\/media?parent=570"}],"curies":[{"name":"wp","href":"https:\/\/api.w.org\/{rel}","templated":true}]}}