{"id":3,"date":"2026-01-09T08:10:47","date_gmt":"2026-01-09T08:10:47","guid":{"rendered":"https:\/\/cryo.nytelweb.net\/?page_id=3"},"modified":"2026-03-12T13:40:36","modified_gmt":"2026-03-12T13:40:36","slug":"politica-de-privacidad","status":"publish","type":"page","link":"https:\/\/tiansl.es\/en\/politica-de-privacidad\/","title":{"rendered":"Privacy Policy"},"content":{"rendered":"<div data-elementor-type=\"wp-page\" data-elementor-id=\"3\" class=\"elementor elementor-3\" data-elementor-post-type=\"page\">\n\t\t\t\t<div class=\"elementor-element elementor-element-6dccdf6d e-flex e-con-boxed e-con e-parent\" data-id=\"6dccdf6d\" data-element_type=\"container\" data-e-type=\"container\">\n\t\t\t\t\t<div class=\"e-con-inner\">\n\t\t\t\t<div class=\"elementor-element elementor-element-05927d6 elementor-widget__width-initial elementor-widget elementor-widget-heading\" data-id=\"05927d6\" data-element_type=\"widget\" data-e-type=\"widget\" data-widget_type=\"heading.default\">\n\t\t\t\t\t<h2 class=\"elementor-heading-title elementor-size-default\">Privacy Policy<\/h2>\t\t\t\t<\/div>\n\t\t\t\t<div class=\"elementor-element elementor-element-16e9fc1d elementor-widget elementor-widget-text-editor\" data-id=\"16e9fc1d\" data-element_type=\"widget\" data-e-type=\"widget\" data-widget_type=\"text-editor.default\">\n\t\t\t\t\t\t\t\t\t<p><span style=\"font-size: 1rem;\">Este texto legal te da detalles de c\u00f3mo recopilamos y procesamos tus datos personales a trav\u00e9s del uso de nuestro sitio web\u00a0<\/span><strong style=\"font-size: 1rem;\">www.tian.nytelweb.net<\/strong><span style=\"font-size: 1rem;\">, incluyendo cualquier informaci\u00f3n que puedas proporcionarnos a trav\u00e9s del sitio.<\/span><\/p><p><strong>DATA CONTROLLER<\/strong><\/p><ul><li>Registered Company Name: TIAN S.L.<\/li><li>Trading Name: Transportes Intermodales Andaluces S.L.<\/li><li>VAT number: B72342744<\/li><li>Registered Office: Ctra. de C\u00e1diz-M\u00e1laga Km. 117 (Exit 117), 11368, San Roque (C\u00e1diz), Spain.<\/li><li>Telephone number: +34 956 61 22 17<\/li><li>Email:\u00a0<a href=\"mailto:comercial@tiansl.es\">comercial@tiansl.es<\/a><\/li><li>Registration Details: Registered on 22\/03\/2006, Volume 1797, Section 8, Protocol Number 910, Folio 64, Page CA-32385, 1st Entry.<\/li><\/ul><p><strong>\u00a0<\/strong><\/p><p><strong>WHAT DATA DO WE COLLECT?<\/strong><\/p><p>We may process certain types of personal data, which may include:<\/p><ul><li>Identity Data: full name.<\/li><li>Contact Data: email, telephone number.<\/li><li>Technical Data: login data, Internet Protocol (IP) addresses, browser type and version, time zone setting and location, operating system, browser plug-in types and versions, and any other technology on the devices you use to access our website.<\/li><li>Usage Data: information about how you use our website.<\/li><\/ul><p>We do not collect any data regarding special categories of personal data (those revealing racial or ethnic origin, political opinions, religious or philosophical beliefs, trade union membership, and information about your health, genetic, or biometric data).<\/p><p><strong>HOW DO WE COLLECT YOUR PERSONAL DATA?<\/strong><\/p><p>The means we use to collect personal data are:<\/p><ul><li><strong>A trav\u00e9s del formulario de nuestra p\u00e1gina web, a trav\u00e9s de nuestros email de contacto, por tel\u00e9fono o correo postal, cuando:<\/strong><ul><li>Solicita informaci\u00f3n de nuestros servicios<\/li><li>Env\u00eda sus comentarios<\/li><\/ul><\/li><li class=\"translation-block\"><strong>Through automated technology or interactions:<\/strong> on our site, we may automatically collect technical data about your equipment, browsing actions, and usage patterns. This data is collected through cookies or similar technologies. For further information, you can consult our Cookie Policy.<\/li><li><strong>Through third parties:<\/strong><ul><li class=\"translation-block\"><strong>Google: <\/strong>analytical data or search data. Outside the European Union.<\/li><\/ul><\/li><\/ul><p><strong>\u00a0<\/strong><\/p><p><strong>PURPOSE AND LEGAL BASIS FOR THE USE OF YOUR DATA<\/strong><\/p><p>The most common uses of your personal data are:<\/p><ul><li>To respond to your comments or requests<\/li><li>For the preparation and formalization of a quote and\/or contract.<\/li><li>When you provide your consent for the processing of your data.<\/li><li>When we need them to comply with a legal obligation.<\/li><li>When it is necessary for our legitimate interest or that of a third party.<\/li><\/ul><p class=\"translation-block\">You may revoke your consent at any time by sending an email to comercial@tiansl.es or by consulting the 'Exercise of Rights' section below.<\/p><p class=\"translation-block\">Below is a table where you can consult the ways in which we will use your personal data and the legal basis for its use, as well as the types of personal data we will process. We may process certain personal data for additional legal reasons; if you require further details, please send an email to comercial@tian.es:<\/p><div style=\"width: 100%; overflow-x: auto; margin: 20px 0; -webkit-overflow-scrolling: touch;\"><table style=\"width: 100%; min-width: 600px; border-collapse: collapse; border: 1px solid #dddddd; color: #333; line-height: 1.5;\"><thead><tr style=\"background-color: #f8f8f8;\"><th style=\"padding: 10px; text-align: left; border: 1px solid #dddddd; font-size: 14px;\"><strong>Purpose<\/strong><\/th><th style=\"padding: 10px; text-align: left; border: 1px solid #dddddd; font-size: 14px;\"><strong>Type of Data<\/strong><\/th><th style=\"padding: 10px; text-align: left; border: 1px solid #dddddd; font-size: 14px;\"><strong>Legal Basis for Processing<\/strong><\/th><\/tr><\/thead><tbody><tr><td style=\"padding: 10px; border: 1px solid #dddddd; vertical-align: top; font-size: 14px;\">To request information through the contact form<\/td><td style=\"padding: 10px; border: 1px solid #dddddd; vertical-align: top; font-size: 14px;\">\u2022 Name<br \/>\u2022 Surname<br \/>\u2022 Email<br \/>\u2022 Telephone number<br \/>\u2022 Comments<\/td><td style=\"padding: 10px; border: 1px solid #dddddd; vertical-align: top; font-size: 14px;\">Consent of the data subject<\/td><\/tr><tr><td style=\"padding: 10px; border: 1px solid #dddddd; vertical-align: top; font-size: 14px;\">For the preparation and formalization of a quote and\/or contract.<\/td><td style=\"padding: 10px; border: 1px solid #dddddd; vertical-align: top; font-size: 14px;\">\u2022 Name<br \/>\u2022 Surname<br \/>\u2022 VAT number<br \/>\u2022 Email<br \/>\u2022 Telephone number<br \/>\u2022 Adress<br \/>\u2022 Financial data<\/td><td style=\"padding: 10px; border: 1px solid #dddddd; vertical-align: top; font-size: 14px;\">Formalizaci\u00f3n presupuesto\/contrato de cliente<\/td><\/tr><tr><td style=\"padding: 10px; border: 1px solid #dddddd; vertical-align: top; font-size: 14px;\">To administer and protect our website<\/td><td style=\"padding: 10px; border: 1px solid #dddddd; vertical-align: top; font-size: 14px;\">\u2022 Name<br \/>\u2022 Surname<br \/>\u2022 Email<br \/>\u2022 Technical data<\/td><td style=\"padding: 10px; border: 1px solid #dddddd; vertical-align: top; font-size: 14px;\">Legitimate Interest<\/td><\/tr><\/tbody><\/table><\/div><p class=\"translation-block\"><strong>Communications<\/strong>: you will only receive communications if:<\/p><ul><li>You are a customer or a potential customer who has given their consent to receive information about our services.<\/li><li>Provided that you have not expressed your desire to stop receiving such communications.<\/li><\/ul><p>Obtenemos tu consentimiento expreso antes de mandarte cualquier comunicaci\u00f3n, pudiendo solicitar en cualquier momento que dejemos de mandarte comunicaciones en el email\u00a0<span style=\"color: #848484; font-family: Roboto, Helvetica, Arial, sans-serif;\">comercial@tiansl.es<\/span>.<\/p><p class=\"translation-block\"><strong>Purpose<\/strong>: we will only use your data for the purposes for which we collected it, unless we reasonably consider that we must use it for another reason, notifying you in advance so that you are informed of the legal reason for its processing, and provided that the purpose is compatible with the original one.<\/p><p class=\"translation-block\"><strong>Retention Period<\/strong>: The retention period for personal data will vary depending on the service you contract, being the minimum necessary and may be maintained:<\/p><ul><li>6 years in accordance with Article 30 of the Commercial Code (accounting books, invoices, etc.)<\/li><li>5 years in accordance with Article 1964 of the Civil Code (personal actions with no special time limit)<\/li><li>12 months in accordance with Article 5 of Law 25\/2007, on the retention of data relating to electronic communications and public communications networks.<\/li><li>4 years: Law 5\/2000, on Social Order Infractions and Sanctions (obligations regarding affiliation, registrations, cancellations, payment of wages). Article 66 et seq. General Tax Law (accounting books, etc.)<\/li><\/ul><p><strong>\u00a0<\/strong><\/p><p><strong>YOUR DATA PROTECTION RIGHTS<\/strong><\/p><p><strong>\u00bfC\u00f3mo ejercer dichos derechos?<\/strong>\u00a0Podr\u00e1s dirigir una comunicaci\u00f3n al domicilio social de\u00a0<strong>TIAN S.L.<\/strong>\u00a0o a la direcci\u00f3n de correo electr\u00f3nico\u00a0<span style=\"color: #848484; font-family: Roboto, Helvetica, Arial, sans-serif;\">comercial@tiansl.es<\/span>, incluyendo en ambos casos fotocopia de tu D.N.I u otro documento de identificaci\u00f3n similar, para solicitar el ejercicio de los siguientes derechos:<\/p><ul><li class=\"translation-block\"><strong><u>Access <\/u><\/strong>to your personal data: you may ask <strong>TIAN S.L.<\/strong> whether it is using your personal data.<\/li><li class=\"translation-block\">To request their <strong><u>rectification<\/u><\/strong>, if they are not correct, or to exercise the <strong><u>right to be forgotten<\/u><\/strong> with respect to them.<\/li><li class=\"translation-block\">To request the <strong><u>restriction of processing<\/u><\/strong>; in this case, they will only be kept by <strong>TIAN S.L.<\/strong> for the exercise or defense of legal claims.<\/li><li class=\"translation-block\">To <strong><u>object<\/u><\/strong> to their processing: <strong>TIAN S.L.<\/strong> will stop processing the data in the manner you indicate, unless for legitimate reasons or for the exercise or defense of potential claims, these must continue to be processed.<\/li><li class=\"translation-block\">To data <strong><u>portability<\/u><\/strong>: in the event that you want your data to be processed by another firm, <strong>TIAN S.L.<\/strong> will facilitate the portability of your data to the new data controller.<\/li><\/ul><p>You may use the templates provided by the Spanish Data Protection Agency (AEPD) to exercise your aforementioned rights.<\/p><p class=\"translation-block\">Lodge a complaint with the AEPD: if you consider there is a problem with the way TIAN S.L. is processing your data, you may direct your complaints to the corresponding supervisory authority, which in Spain is the Spanish Data Protection Agency (AEPD).<\/p><p>We may need to request specific information from you to help us confirm your identity and ensure your right to access your personal data (or to exercise any of your other rights mentioned above). This is a security measure to ensure that personal data is not disclosed to any person who has no right to receive it.<\/p><p>We resolve all requests within the indicated legal period: 1 month. However, it may take us more than a month if your request is particularly complex, or if you have already performed a series of previous actions. In this case, we will notify you and keep you updated.<\/p><p><strong>\u00a0<\/strong><\/p><p><strong>\u00a0<\/strong><\/p><p><strong>DISCLOSURE OF PERSONAL DATA<\/strong><\/p><p>In the performance of our work, it may be necessary for us to share your data with third parties:<\/p><ul><li>Service providers that provide system administration and information technology services.<\/li><li>Professional advisers including lawyers, consultants, auditors, and insurers who provide banking, legal, insurance, and accounting services.<\/li><\/ul><p>All such disclosures will be communicated to you in advance, and we state that we require all data processors to whom we transfer your personal data to respect the security of your personal data and to treat it in accordance with the GDPR. We only allow such processors to process your data for specified purposes and in accordance with our instructions.<\/p><p><strong>DATA SECURITY<\/strong><\/p><p>We have implemented appropriate security measures to prevent your personal data from being accidentally lost, used or accessed in an unauthorized way, altered or disclosed. In addition, we limit access to your personal data to those employees, agents, contractors and other third parties who have a business need to know such data. They will only process your personal data on our instructions and are subject to a duty of confidentiality.<\/p><p>We have implemented procedures to deal with any suspected personal data breach and will notify you and any applicable supervisory authority of a breach where we are legally required to do so, as regulated by the GDPR in its Articles 33 and 34.<\/p><p><strong>INTERNATIONAL DATA TRANSFERS<\/strong><\/p><p>Countries outside the European Economic Area (EEA) do not always offer the same levels of protection for your personal data, which is why European legislation has prohibited the transfer of personal data outside the EEA unless the transfer meets certain requirements.<\/p><p>Some of our external service providers are located outside the European Economic Area (EEA), so the processing of your personal data will involve a transfer of data outside the EEA.<\/p><ul><li>Correo electr\u00f3nico: El servicio de correo electr\u00f3nico de\u00a0<span style=\"font-weight: bolder;\">TIAN S.L.<\/span>\u00a0se presta usando los servicios de Microsoft Outlook.<\/li><\/ul><p>Si necesitas ampliaci\u00f3n con respecto al mecanismo espec\u00edfico utilizado por nosotros al transferir tus datos fuera del EEE, puedes ponerte en contacto con nosotros a trav\u00e9s de nuestro correo electr\u00f3nico\u00a0<span style=\"color: #848484; font-family: Roboto, Helvetica, Arial, sans-serif;\">comercial@tiansl.es<\/span>.<\/p>\t\t\t\t\t\t\t\t<\/div>\n\t\t\t\t\t<\/div>\n\t\t\t\t<\/div>\n\t\t\t\t<\/div>","protected":false},"excerpt":{"rendered":"<p>Pol\u00edtica de privacidad Este texto legal te da detalles de c\u00f3mo recopilamos y procesamos tus datos personales a trav\u00e9s del uso de nuestro sitio web\u00a0www.tian.nytelweb.net, incluyendo cualquier informaci\u00f3n que puedas proporcionarnos a trav\u00e9s del sitio. RESPONSABLE DEL TRATAMIENTO Denominaci\u00f3n Social: TIAN S.L. Nombre comercial: Transportes Intermodales Andaluces Sl. NIF: B72342744 Domicilio Social: Ctra de C\u00e1diz-M\u00e1laga [&hellip;]<\/p>\n","protected":false},"author":1,"featured_media":0,"parent":0,"menu_order":0,"comment_status":"closed","ping_status":"closed","template":"elementor_header_footer","meta":{"footnotes":""},"class_list":["post-3","page","type-page","status-publish","hentry"],"yoast_head":"<!-- This site is optimized with the Yoast SEO plugin v27.3 - https:\/\/yoast.com\/product\/yoast-seo-wordpress\/ -->\n<title>Pol\u00edtica de privacidad - Tian<\/title>\n<meta name=\"robots\" content=\"index, follow, max-snippet:-1, max-image-preview:large, max-video-preview:-1\" \/>\n<link rel=\"canonical\" href=\"https:\/\/tiansl.es\/en\/politica-de-privacidad\/\" \/>\n<meta property=\"og:locale\" content=\"en_GB\" \/>\n<meta property=\"og:type\" content=\"article\" \/>\n<meta property=\"og:title\" content=\"Pol\u00edtica de privacidad - Tian\" \/>\n<meta property=\"og:description\" content=\"Pol\u00edtica de privacidad Este texto legal te da detalles de c\u00f3mo recopilamos y procesamos tus datos personales a trav\u00e9s del uso de nuestro sitio web\u00a0www.tian.nytelweb.net, incluyendo cualquier informaci\u00f3n que puedas proporcionarnos a trav\u00e9s del sitio. RESPONSABLE DEL TRATAMIENTO Denominaci\u00f3n Social: TIAN S.L. Nombre comercial: Transportes Intermodales Andaluces Sl. NIF: B72342744 Domicilio Social: Ctra de C\u00e1diz-M\u00e1laga [&hellip;]\" \/>\n<meta property=\"og:url\" content=\"https:\/\/tiansl.es\/en\/politica-de-privacidad\/\" \/>\n<meta property=\"og:site_name\" content=\"Tian\" \/>\n<meta property=\"article:modified_time\" content=\"2026-03-12T13:40:36+00:00\" \/>\n<meta name=\"twitter:card\" content=\"summary_large_image\" \/>\n<meta name=\"twitter:label1\" content=\"Estimated reading time\" \/>\n\t<meta name=\"twitter:data1\" content=\"7 minutes\" \/>\n<script type=\"application\/ld+json\" class=\"yoast-schema-graph\">{\"@context\":\"https:\\\/\\\/schema.org\",\"@graph\":[{\"@type\":\"WebPage\",\"@id\":\"https:\\\/\\\/tiansl.es\\\/politica-de-privacidad\\\/\",\"url\":\"https:\\\/\\\/tiansl.es\\\/politica-de-privacidad\\\/\",\"name\":\"Pol\u00edtica de privacidad - Tian\",\"isPartOf\":{\"@id\":\"https:\\\/\\\/tiansl.es\\\/#website\"},\"datePublished\":\"2026-01-09T08:10:47+00:00\",\"dateModified\":\"2026-03-12T13:40:36+00:00\",\"breadcrumb\":{\"@id\":\"https:\\\/\\\/tiansl.es\\\/politica-de-privacidad\\\/#breadcrumb\"},\"inLanguage\":\"en-GB\",\"potentialAction\":[{\"@type\":\"ReadAction\",\"target\":[\"https:\\\/\\\/tiansl.es\\\/politica-de-privacidad\\\/\"]}]},{\"@type\":\"BreadcrumbList\",\"@id\":\"https:\\\/\\\/tiansl.es\\\/politica-de-privacidad\\\/#breadcrumb\",\"itemListElement\":[{\"@type\":\"ListItem\",\"position\":1,\"name\":\"Portada\",\"item\":\"https:\\\/\\\/tiansl.es\\\/\"},{\"@type\":\"ListItem\",\"position\":2,\"name\":\"Pol\u00edtica de privacidad\"}]},{\"@type\":\"WebSite\",\"@id\":\"https:\\\/\\\/tiansl.es\\\/#website\",\"url\":\"https:\\\/\\\/tiansl.es\\\/\",\"name\":\"Tian\",\"description\":\"\",\"publisher\":{\"@id\":\"https:\\\/\\\/tiansl.es\\\/#organization\"},\"potentialAction\":[{\"@type\":\"SearchAction\",\"target\":{\"@type\":\"EntryPoint\",\"urlTemplate\":\"https:\\\/\\\/tiansl.es\\\/?s={search_term_string}\"},\"query-input\":{\"@type\":\"PropertyValueSpecification\",\"valueRequired\":true,\"valueName\":\"search_term_string\"}}],\"inLanguage\":\"en-GB\"},{\"@type\":\"Organization\",\"@id\":\"https:\\\/\\\/tiansl.es\\\/#organization\",\"name\":\"Tian\",\"url\":\"https:\\\/\\\/tiansl.es\\\/\",\"logo\":{\"@type\":\"ImageObject\",\"inLanguage\":\"en-GB\",\"@id\":\"https:\\\/\\\/tiansl.es\\\/#\\\/schema\\\/logo\\\/image\\\/\",\"url\":\"https:\\\/\\\/tiansl.es\\\/wp-content\\\/uploads\\\/2026\\\/02\\\/cropped-Diseno-sin-titulo-2-1.png\",\"contentUrl\":\"https:\\\/\\\/tiansl.es\\\/wp-content\\\/uploads\\\/2026\\\/02\\\/cropped-Diseno-sin-titulo-2-1.png\",\"width\":404,\"height\":167,\"caption\":\"Tian\"},\"image\":{\"@id\":\"https:\\\/\\\/tiansl.es\\\/#\\\/schema\\\/logo\\\/image\\\/\"}}]}<\/script>\n<!-- \/ Yoast SEO plugin. -->","yoast_head_json":{"title":"Pol\u00edtica de privacidad - Tian","robots":{"index":"index","follow":"follow","max-snippet":"max-snippet:-1","max-image-preview":"max-image-preview:large","max-video-preview":"max-video-preview:-1"},"canonical":"https:\/\/tiansl.es\/en\/politica-de-privacidad\/","og_locale":"en_GB","og_type":"article","og_title":"Pol\u00edtica de privacidad - Tian","og_description":"Pol\u00edtica de privacidad Este texto legal te da detalles de c\u00f3mo recopilamos y procesamos tus datos personales a trav\u00e9s del uso de nuestro sitio web\u00a0www.tian.nytelweb.net, incluyendo cualquier informaci\u00f3n que puedas proporcionarnos a trav\u00e9s del sitio. RESPONSABLE DEL TRATAMIENTO Denominaci\u00f3n Social: TIAN S.L. Nombre comercial: Transportes Intermodales Andaluces Sl. NIF: B72342744 Domicilio Social: Ctra de C\u00e1diz-M\u00e1laga [&hellip;]","og_url":"https:\/\/tiansl.es\/en\/politica-de-privacidad\/","og_site_name":"Tian","article_modified_time":"2026-03-12T13:40:36+00:00","twitter_card":"summary_large_image","twitter_misc":{"Estimated reading time":"7 minutes"},"schema":{"@context":"https:\/\/schema.org","@graph":[{"@type":"WebPage","@id":"https:\/\/tiansl.es\/politica-de-privacidad\/","url":"https:\/\/tiansl.es\/politica-de-privacidad\/","name":"Pol\u00edtica de privacidad - Tian","isPartOf":{"@id":"https:\/\/tiansl.es\/#website"},"datePublished":"2026-01-09T08:10:47+00:00","dateModified":"2026-03-12T13:40:36+00:00","breadcrumb":{"@id":"https:\/\/tiansl.es\/politica-de-privacidad\/#breadcrumb"},"inLanguage":"en-GB","potentialAction":[{"@type":"ReadAction","target":["https:\/\/tiansl.es\/politica-de-privacidad\/"]}]},{"@type":"BreadcrumbList","@id":"https:\/\/tiansl.es\/politica-de-privacidad\/#breadcrumb","itemListElement":[{"@type":"ListItem","position":1,"name":"Portada","item":"https:\/\/tiansl.es\/"},{"@type":"ListItem","position":2,"name":"Pol\u00edtica de privacidad"}]},{"@type":"WebSite","@id":"https:\/\/tiansl.es\/#website","url":"https:\/\/tiansl.es\/","name":"Tian","description":"","publisher":{"@id":"https:\/\/tiansl.es\/#organization"},"potentialAction":[{"@type":"SearchAction","target":{"@type":"EntryPoint","urlTemplate":"https:\/\/tiansl.es\/?s={search_term_string}"},"query-input":{"@type":"PropertyValueSpecification","valueRequired":true,"valueName":"search_term_string"}}],"inLanguage":"en-GB"},{"@type":"Organization","@id":"https:\/\/tiansl.es\/#organization","name":"Tian","url":"https:\/\/tiansl.es\/","logo":{"@type":"ImageObject","inLanguage":"en-GB","@id":"https:\/\/tiansl.es\/#\/schema\/logo\/image\/","url":"https:\/\/tiansl.es\/wp-content\/uploads\/2026\/02\/cropped-Diseno-sin-titulo-2-1.png","contentUrl":"https:\/\/tiansl.es\/wp-content\/uploads\/2026\/02\/cropped-Diseno-sin-titulo-2-1.png","width":404,"height":167,"caption":"Tian"},"image":{"@id":"https:\/\/tiansl.es\/#\/schema\/logo\/image\/"}}]}},"_links":{"self":[{"href":"https:\/\/tiansl.es\/en\/wp-json\/wp\/v2\/pages\/3","targetHints":{"allow":["GET"]}}],"collection":[{"href":"https:\/\/tiansl.es\/en\/wp-json\/wp\/v2\/pages"}],"about":[{"href":"https:\/\/tiansl.es\/en\/wp-json\/wp\/v2\/types\/page"}],"author":[{"embeddable":true,"href":"https:\/\/tiansl.es\/en\/wp-json\/wp\/v2\/users\/1"}],"replies":[{"embeddable":true,"href":"https:\/\/tiansl.es\/en\/wp-json\/wp\/v2\/comments?post=3"}],"version-history":[{"count":71,"href":"https:\/\/tiansl.es\/en\/wp-json\/wp\/v2\/pages\/3\/revisions"}],"predecessor-version":[{"id":2594,"href":"https:\/\/tiansl.es\/en\/wp-json\/wp\/v2\/pages\/3\/revisions\/2594"}],"wp:attachment":[{"href":"https:\/\/tiansl.es\/en\/wp-json\/wp\/v2\/media?parent=3"}],"curies":[{"name":"wp","href":"https:\/\/api.w.org\/{rel}","templated":true}]}}