{"id":1562,"date":"2026-03-09T08:08:29","date_gmt":"2026-03-09T08:08:29","guid":{"rendered":"https:\/\/cryo.nytelweb.net\/?page_id=1562"},"modified":"2026-03-09T10:40:08","modified_gmt":"2026-03-09T10:40:08","slug":"politica-de-cookies","status":"publish","type":"page","link":"https:\/\/tiansl.es\/en\/politica-de-cookies\/","title":{"rendered":"Cookie Policy"},"content":{"rendered":"<div data-elementor-type=\"wp-page\" data-elementor-id=\"1562\" class=\"elementor elementor-1562\" data-elementor-post-type=\"page\">\n\t\t\t\t<div class=\"elementor-element elementor-element-1d6c4da e-flex e-con-boxed e-con e-parent\" data-id=\"1d6c4da\" data-element_type=\"container\" data-e-type=\"container\">\n\t\t\t\t\t<div class=\"e-con-inner\">\n\t\t\t\t<div class=\"elementor-element elementor-element-60f6a9e elementor-widget__width-initial elementor-widget elementor-widget-heading\" data-id=\"60f6a9e\" data-element_type=\"widget\" data-e-type=\"widget\" data-widget_type=\"heading.default\">\n\t\t\t\t\t<h2 class=\"elementor-heading-title elementor-size-default\">Cookie Policy<\/h2>\t\t\t\t<\/div>\n\t\t\t\t<div class=\"elementor-element elementor-element-4cab198 elementor-widget elementor-widget-text-editor\" data-id=\"4cab198\" data-element_type=\"widget\" data-e-type=\"widget\" data-widget_type=\"text-editor.default\">\n\t\t\t\t\t\t\t\t\t<p data-path-to-node=\"29\">Este sitio web utiliza cookies para mejorar la experiencia del usuario y garantizar el funcionamiento t\u00e9cnico del sitio.<\/p>\n<h3 data-path-to-node=\"30\">\u00bfQu\u00e9 son las cookies?<\/h3>\n<p data-path-to-node=\"31\">Las cookies son peque\u00f1os archivos de texto que se almacenan en su navegador cuando visita nuestra web.<\/p>\n<h3 data-path-to-node=\"32\">Tipos de cookies que utilizamos<\/h3>\n<ol start=\"1\" data-path-to-node=\"33\">\n<li>\n<p data-path-to-node=\"33,0,0\"><b data-path-to-node=\"33,0,0\" data-index-in-node=\"0\">Cookies de Comentarios:<\/b> Si dejas un comentario, puedes elegir guardar tu nombre, email y web en cookies para tu comodidad (duraci\u00f3n: 1 a\u00f1o).<\/p>\n<\/li>\n<li>\n<p data-path-to-node=\"33,1,0\"><b data-path-to-node=\"33,1,0\" data-index-in-node=\"0\">Cookies de Sesi\u00f3n:<\/b><\/p>\n<ul data-path-to-node=\"33,1,1\">\n<li>\n<p data-path-to-node=\"33,1,1,0,0\">Si visitas nuestra p\u00e1gina de inicio de sesi\u00f3n, instalaremos una cookie temporal para ver si tu navegador acepta cookies (se elimina al cerrar el navegador).<\/p>\n<\/li>\n<li>\n<p data-path-to-node=\"33,1,1,1,0\">Al iniciar sesi\u00f3n, instalamos cookies para guardar tu informaci\u00f3n de acceso (2 d\u00edas) y tus opciones de pantalla (1 a\u00f1o).<\/p>\n<\/li>\n<li>\n<p data-path-to-node=\"33,1,1,2,0\">Si seleccionas \u00abRecordarme\u00bb, tu sesi\u00f3n durar\u00e1 2 semanas.<\/p>\n<\/li>\n<\/ul>\n<\/li>\n<li>\n<p data-path-to-node=\"33,2,0\"><b data-path-to-node=\"33,2,0\" data-index-in-node=\"0\">Cookies de Edici\u00f3n:<\/b> Si editas o publicas un art\u00edculo, se guarda una cookie que indica el ID del art\u00edculo editado (expira en 1 d\u00eda).<\/p>\n<\/li>\n<\/ol>\n<h3 data-path-to-node=\"34\">Control de Cookies<\/h3>\n<p data-path-to-node=\"35\">Usted puede restringir, bloquear o borrar las cookies de este sitio utilizando la configuraci\u00f3n de su navegador. Tenga en cuenta que desactivar ciertas cookies puede impedir el funcionamiento correcto de algunas funciones de la web.<\/p>\t\t\t\t\t\t\t\t<\/div>\n\t\t\t\t\t<\/div>\n\t\t\t\t<\/div>\n\t\t\t\t<\/div>","protected":false},"excerpt":{"rendered":"<p>Pol\u00edtica de cookies Este sitio web utiliza cookies para mejorar la experiencia del usuario y garantizar el funcionamiento t\u00e9cnico del sitio. \u00bfQu\u00e9 son las cookies? Las cookies son peque\u00f1os archivos de texto que se almacenan en su navegador cuando visita nuestra web. Tipos de cookies que utilizamos Cookies de Comentarios: Si dejas un comentario, puedes [&hellip;]<\/p>\n","protected":false},"author":1,"featured_media":0,"parent":0,"menu_order":0,"comment_status":"closed","ping_status":"closed","template":"elementor_header_footer","meta":{"footnotes":""},"class_list":["post-1562","page","type-page","status-publish","hentry"],"yoast_head":"<!-- This site is optimized with the Yoast SEO plugin v27.3 - https:\/\/yoast.com\/product\/yoast-seo-wordpress\/ -->\n<title>Pol\u00edtica de cookies - Tian<\/title>\n<meta name=\"robots\" content=\"index, follow, max-snippet:-1, max-image-preview:large, max-video-preview:-1\" \/>\n<link rel=\"canonical\" href=\"https:\/\/tiansl.es\/en\/politica-de-cookies\/\" \/>\n<meta property=\"og:locale\" content=\"en_GB\" \/>\n<meta property=\"og:type\" content=\"article\" \/>\n<meta property=\"og:title\" content=\"Pol\u00edtica de cookies - Tian\" \/>\n<meta property=\"og:description\" content=\"Pol\u00edtica de cookies Este sitio web utiliza cookies para mejorar la experiencia del usuario y garantizar el funcionamiento t\u00e9cnico del sitio. \u00bfQu\u00e9 son las cookies? Las cookies son peque\u00f1os archivos de texto que se almacenan en su navegador cuando visita nuestra web. Tipos de cookies que utilizamos Cookies de Comentarios: Si dejas un comentario, puedes [&hellip;]\" \/>\n<meta property=\"og:url\" content=\"https:\/\/tiansl.es\/en\/politica-de-cookies\/\" \/>\n<meta property=\"og:site_name\" content=\"Tian\" \/>\n<meta property=\"article:modified_time\" content=\"2026-03-09T10:40:08+00:00\" \/>\n<meta name=\"twitter:card\" content=\"summary_large_image\" \/>\n<meta name=\"twitter:label1\" content=\"Estimated reading time\" \/>\n\t<meta name=\"twitter:data1\" content=\"1 minute\" \/>\n<script type=\"application\/ld+json\" class=\"yoast-schema-graph\">{\"@context\":\"https:\\\/\\\/schema.org\",\"@graph\":[{\"@type\":\"WebPage\",\"@id\":\"https:\\\/\\\/tiansl.es\\\/politica-de-cookies\\\/\",\"url\":\"https:\\\/\\\/tiansl.es\\\/politica-de-cookies\\\/\",\"name\":\"Pol\u00edtica de cookies - Tian\",\"isPartOf\":{\"@id\":\"https:\\\/\\\/tiansl.es\\\/#website\"},\"datePublished\":\"2026-03-09T08:08:29+00:00\",\"dateModified\":\"2026-03-09T10:40:08+00:00\",\"breadcrumb\":{\"@id\":\"https:\\\/\\\/tiansl.es\\\/politica-de-cookies\\\/#breadcrumb\"},\"inLanguage\":\"en-GB\",\"potentialAction\":[{\"@type\":\"ReadAction\",\"target\":[\"https:\\\/\\\/tiansl.es\\\/politica-de-cookies\\\/\"]}]},{\"@type\":\"BreadcrumbList\",\"@id\":\"https:\\\/\\\/tiansl.es\\\/politica-de-cookies\\\/#breadcrumb\",\"itemListElement\":[{\"@type\":\"ListItem\",\"position\":1,\"name\":\"Portada\",\"item\":\"https:\\\/\\\/tiansl.es\\\/\"},{\"@type\":\"ListItem\",\"position\":2,\"name\":\"Pol\u00edtica de cookies\"}]},{\"@type\":\"WebSite\",\"@id\":\"https:\\\/\\\/tiansl.es\\\/#website\",\"url\":\"https:\\\/\\\/tiansl.es\\\/\",\"name\":\"Tian\",\"description\":\"\",\"publisher\":{\"@id\":\"https:\\\/\\\/tiansl.es\\\/#organization\"},\"potentialAction\":[{\"@type\":\"SearchAction\",\"target\":{\"@type\":\"EntryPoint\",\"urlTemplate\":\"https:\\\/\\\/tiansl.es\\\/?s={search_term_string}\"},\"query-input\":{\"@type\":\"PropertyValueSpecification\",\"valueRequired\":true,\"valueName\":\"search_term_string\"}}],\"inLanguage\":\"en-GB\"},{\"@type\":\"Organization\",\"@id\":\"https:\\\/\\\/tiansl.es\\\/#organization\",\"name\":\"Tian\",\"url\":\"https:\\\/\\\/tiansl.es\\\/\",\"logo\":{\"@type\":\"ImageObject\",\"inLanguage\":\"en-GB\",\"@id\":\"https:\\\/\\\/tiansl.es\\\/#\\\/schema\\\/logo\\\/image\\\/\",\"url\":\"https:\\\/\\\/tiansl.es\\\/wp-content\\\/uploads\\\/2026\\\/02\\\/cropped-Diseno-sin-titulo-2-1.png\",\"contentUrl\":\"https:\\\/\\\/tiansl.es\\\/wp-content\\\/uploads\\\/2026\\\/02\\\/cropped-Diseno-sin-titulo-2-1.png\",\"width\":404,\"height\":167,\"caption\":\"Tian\"},\"image\":{\"@id\":\"https:\\\/\\\/tiansl.es\\\/#\\\/schema\\\/logo\\\/image\\\/\"}}]}<\/script>\n<!-- \/ Yoast SEO plugin. -->","yoast_head_json":{"title":"Pol\u00edtica de cookies - Tian","robots":{"index":"index","follow":"follow","max-snippet":"max-snippet:-1","max-image-preview":"max-image-preview:large","max-video-preview":"max-video-preview:-1"},"canonical":"https:\/\/tiansl.es\/en\/politica-de-cookies\/","og_locale":"en_GB","og_type":"article","og_title":"Pol\u00edtica de cookies - Tian","og_description":"Pol\u00edtica de cookies Este sitio web utiliza cookies para mejorar la experiencia del usuario y garantizar el funcionamiento t\u00e9cnico del sitio. \u00bfQu\u00e9 son las cookies? Las cookies son peque\u00f1os archivos de texto que se almacenan en su navegador cuando visita nuestra web. Tipos de cookies que utilizamos Cookies de Comentarios: Si dejas un comentario, puedes [&hellip;]","og_url":"https:\/\/tiansl.es\/en\/politica-de-cookies\/","og_site_name":"Tian","article_modified_time":"2026-03-09T10:40:08+00:00","twitter_card":"summary_large_image","twitter_misc":{"Estimated reading time":"1 minute"},"schema":{"@context":"https:\/\/schema.org","@graph":[{"@type":"WebPage","@id":"https:\/\/tiansl.es\/politica-de-cookies\/","url":"https:\/\/tiansl.es\/politica-de-cookies\/","name":"Pol\u00edtica de cookies - Tian","isPartOf":{"@id":"https:\/\/tiansl.es\/#website"},"datePublished":"2026-03-09T08:08:29+00:00","dateModified":"2026-03-09T10:40:08+00:00","breadcrumb":{"@id":"https:\/\/tiansl.es\/politica-de-cookies\/#breadcrumb"},"inLanguage":"en-GB","potentialAction":[{"@type":"ReadAction","target":["https:\/\/tiansl.es\/politica-de-cookies\/"]}]},{"@type":"BreadcrumbList","@id":"https:\/\/tiansl.es\/politica-de-cookies\/#breadcrumb","itemListElement":[{"@type":"ListItem","position":1,"name":"Portada","item":"https:\/\/tiansl.es\/"},{"@type":"ListItem","position":2,"name":"Pol\u00edtica de cookies"}]},{"@type":"WebSite","@id":"https:\/\/tiansl.es\/#website","url":"https:\/\/tiansl.es\/","name":"Tian","description":"","publisher":{"@id":"https:\/\/tiansl.es\/#organization"},"potentialAction":[{"@type":"SearchAction","target":{"@type":"EntryPoint","urlTemplate":"https:\/\/tiansl.es\/?s={search_term_string}"},"query-input":{"@type":"PropertyValueSpecification","valueRequired":true,"valueName":"search_term_string"}}],"inLanguage":"en-GB"},{"@type":"Organization","@id":"https:\/\/tiansl.es\/#organization","name":"Tian","url":"https:\/\/tiansl.es\/","logo":{"@type":"ImageObject","inLanguage":"en-GB","@id":"https:\/\/tiansl.es\/#\/schema\/logo\/image\/","url":"https:\/\/tiansl.es\/wp-content\/uploads\/2026\/02\/cropped-Diseno-sin-titulo-2-1.png","contentUrl":"https:\/\/tiansl.es\/wp-content\/uploads\/2026\/02\/cropped-Diseno-sin-titulo-2-1.png","width":404,"height":167,"caption":"Tian"},"image":{"@id":"https:\/\/tiansl.es\/#\/schema\/logo\/image\/"}}]}},"_links":{"self":[{"href":"https:\/\/tiansl.es\/en\/wp-json\/wp\/v2\/pages\/1562","targetHints":{"allow":["GET"]}}],"collection":[{"href":"https:\/\/tiansl.es\/en\/wp-json\/wp\/v2\/pages"}],"about":[{"href":"https:\/\/tiansl.es\/en\/wp-json\/wp\/v2\/types\/page"}],"author":[{"embeddable":true,"href":"https:\/\/tiansl.es\/en\/wp-json\/wp\/v2\/users\/1"}],"replies":[{"embeddable":true,"href":"https:\/\/tiansl.es\/en\/wp-json\/wp\/v2\/comments?post=1562"}],"version-history":[{"count":10,"href":"https:\/\/tiansl.es\/en\/wp-json\/wp\/v2\/pages\/1562\/revisions"}],"predecessor-version":[{"id":1654,"href":"https:\/\/tiansl.es\/en\/wp-json\/wp\/v2\/pages\/1562\/revisions\/1654"}],"wp:attachment":[{"href":"https:\/\/tiansl.es\/en\/wp-json\/wp\/v2\/media?parent=1562"}],"curies":[{"name":"wp","href":"https:\/\/api.w.org\/{rel}","templated":true}]}}