{"id":1560,"date":"2026-03-09T08:07:20","date_gmt":"2026-03-09T08:07:20","guid":{"rendered":"https:\/\/cryo.nytelweb.net\/?page_id=1560"},"modified":"2026-03-12T11:33:07","modified_gmt":"2026-03-12T11:33:07","slug":"aviso-legal","status":"publish","type":"page","link":"https:\/\/tiansl.es\/en\/aviso-legal\/","title":{"rendered":"Legal Notice"},"content":{"rendered":"<div data-elementor-type=\"wp-page\" data-elementor-id=\"1560\" class=\"elementor elementor-1560\" data-elementor-post-type=\"page\">\n\t\t\t\t<div class=\"elementor-element elementor-element-d9a5b27 e-flex e-con-boxed e-con e-parent\" data-id=\"d9a5b27\" data-element_type=\"container\" data-e-type=\"container\">\n\t\t\t\t\t<div class=\"e-con-inner\">\n\t\t\t\t<div class=\"elementor-element elementor-element-3a5bc73 elementor-widget__width-initial elementor-widget elementor-widget-heading\" data-id=\"3a5bc73\" data-element_type=\"widget\" data-e-type=\"widget\" data-widget_type=\"heading.default\">\n\t\t\t\t\t<h2 class=\"elementor-heading-title elementor-size-default\">Legal Notice<\/h2>\t\t\t\t<\/div>\n\t\t\t\t<div class=\"elementor-element elementor-element-1ebef09 elementor-widget elementor-widget-text-editor\" data-id=\"1ebef09\" data-element_type=\"widget\" data-e-type=\"widget\" data-widget_type=\"text-editor.default\">\n\t\t\t\t\t\t\t\t\t<p class=\"translation-block\">LEGAL INFORMATION AND ACCEPTANCE<\/p>\n<p class=\"translation-block\">In compliance with Article <strong>10 of Law 34\/2002<\/strong>, of July 11, on Information Society Services and Electronic Commerce, the company's identifying details are set out below. This website is made available to users by the entity whose identifying details are as follows<\/p>\n<ul>\n<li>Registered Company Name: TIAN S.L.<\/li>\n<li>Trading Name: Transportes Intermodales Andaluces S.L.<\/li>\n<li>VAT number: B72342744<\/li>\n<li>Registered Office: Ctra. de C\u00e1diz-M\u00e1laga Km. 117 (Exit 117), 11368, San Roque (C\u00e1diz), Spain.<\/li>\n<li>Telephone number: +34 956 61 22 17<\/li>\n<li>Email:&nbsp;<a href=\"mailto:comercial@tiansl.es\">comercial@tiansl.es<\/a><\/li>\n<li>Registration Details: Registered on 22\/03\/2006, Volume 1797, Section 8, Protocol Number 910, Folio 64, Page CA-32385, 1st Entry.<\/li>\n<\/ul>\n<p><br><\/p><p class=\"translation-block\">Use of the Portal attributes the status of user of the Portal (hereinafter, the 'User') and implies acceptance of all the conditions included in this Legal Notice. The provision of the Portal service is limited to the time when the User is connected to the Portal or to any of the services provided through it. Therefore, the User must carefully read this Legal Notice on each occasion they intend to use the Portal, as <strong>TIAN S.L.<\/strong> reserves the right to make any modifications it deems appropriate to its website without prior notice, being able to change, delete, or add both the contents and services provided through it and the way in which they are presented.<\/p>\n<p>Furthermore, the legal notice may change at any time. Any modifications will take effect from the moment of their publication.<\/p>\n<p class=\"translation-block\">Some services of the Portal, accessible to Internet users or exclusive to <strong>TIAN S.L.<\/strong> associates, may be subject to specific conditions, regulations, and instructions which, where applicable, replace, supplement, and\/or modify this Legal Notice and must be accepted by the User before the provision of the corresponding service begins.<\/p>\n<p><strong>INTELLECTUAL AND INDUSTRIAL PROPERTY<\/strong><\/p>\n<p class=\"translation-block\">All contents of the Portal, including but not limited to texts, photographs, graphics, images, icons, technology, software, links, and other audiovisual or sound content, as well as its graphic design and source codes (hereinafter, the 'Contents'), are the intellectual property of <strong>TIAN S.L.<\/strong> or third parties. None of the exploitation rights recognized by current intellectual property legislation may be understood as assigned to the User, except for those strictly necessary for the use of the Portal.<\/p>\n<p class=\"translation-block\">Trademarks, trade names, or distinctive signs are the property of <strong>TIAN S.L.<\/strong> or third parties, and access to the Portal may not be understood as attributing any rights over the aforementioned trademarks, trade names, and\/or distinctive signs.<\/p>\n<p class=\"translation-block\">The use of any word, figurative, or mixed trademark, or any other distinctive sign of <strong>TIAN S.L.<\/strong> within the sender's page is prohibited, except in cases permitted by law or expressly authorized by <strong>TIAN S.L.<\/strong>, and provided that, in such cases, a direct link to the Portal is allowed in the manner established in this clause.<\/p>\n<p><strong>TERMS OF USE OF THE PORTAL<\/strong><\/p>\n<p class=\"translation-block\">The User undertakes to make proper use of the Portal in accordance with the Law and this Legal Notice, as well as with any other conditions, regulations, and instructions that, where applicable, may apply in accordance with the provisions of clause 1. The User shall be liable to <strong>TIAN S.L.<\/strong> or to third parties for any damages that may be caused as a result of a breach of said obligation.<\/p>\n<p class=\"translation-block\">It is expressly prohibited to use the Portal for purposes that are harmful to the assets or interests of <strong>TIAN S.L.<\/strong> or third parties, or that in any other way overload, damage, or disable the networks, servers, and other computer equipment (hardware) or computer products and applications (software) of <strong>TIAN S.L.<\/strong> or third parties.<\/p>\n<p class=\"translation-block\">Under no circumstances shall it be stated on the page where the link is located that <strong>TIAN S.L.<\/strong> has given its consent for the insertion of the link, or that it otherwise sponsors, collaborates with, verifies, or supervises the services of the sender.<\/p>\n<p><strong>DISCLAIMER OF LIABILITY<\/strong><\/p>\n<p class=\"translation-block\">To the extent permitted by law, <strong>TIAN S.L.<\/strong> is not responsible for: a) errors or omissions in the contents; b) the lack of availability of the website; or c) the transmission of malicious programs in the contents, despite having adopted all the necessary technological measures to prevent it.<\/p>\n<p><strong>PROTECTION OF PERSONAL DATA<\/strong><\/p>\n<p class=\"translation-block\">Please consult our <a href=\"https:\/\/cryo.nytelweb.net\/politica-de-privacidad\/\" target=\"_self\"><strong>Privacy Policy<\/strong><\/a> to learn how we use your personal data.<\/p>\n<p><strong>REPORTING OF UNLAWFUL AND INAPPROPRIATE ACTIVITIES<\/strong><\/p>\n<p class=\"translation-block\">In the event that the User or any other Internet user becomes aware that Linked Sites refer to pages whose content or services are unlawful, harmful, degrading, violent, or contrary to morality, they may contact <strong>TIAN S.L.<\/strong> indicating the following details:<\/p>\n<ul>\n<li>Personal data of the reporting party: name, address, telephone number, and email address.<\/li>\n<li>Description of the facts revealing the unlawful or inappropriate nature of the Linked Site.<\/li>\n<li>In the event of a violation of rights, such as intellectual and industrial property, the personal data of the holder of the infringed right when they are a person other than the reporting party. Furthermore, the title accrediting the legitimacy of the rights holder must be provided and, where applicable, the proof of representation to act on behalf of the holder when they are a person other than the reporting party.<\/li>\n<li>An express statement that the information contained in the claim is accurate.<\/li>\n<li>The document accrediting the rights holder's standing must be provided and, where applicable, the proof of representation to act on behalf of the holder when they are a person other than the reporting party.<\/li>\n<\/ul>\n<p class=\"translation-block\">The receipt by <strong>TIAN S.L.<\/strong> of the communication provided for in this clause shall not imply, in accordance with the provisions of the LSSI, effective knowledge of the activities and\/or content indicated by the reporting party.<\/p>\n<p><strong>GOVERNING LAW AND JURISDICTION<\/strong><\/p>\n<p>This Legal Notice is governed in each and every one of its aspects by Spanish Law. Provided that the applicable Law permits the waiver of the established legal venue, the Courts and Tribunals of C\u00e1diz are designated as the jurisdiction to resolve any potential disputes.<\/p>\t\t\t\t\t\t\t\t<\/div>\n\t\t\t\t\t<\/div>\n\t\t\t\t<\/div>\n\t\t\t\t<\/div>","protected":false},"excerpt":{"rendered":"<p>Aviso legal INFORMACI\u00d3N LEGAL Y ACEPTACI\u00d3N En cumplimiento del art\u00edculo&nbsp;10 de la Ley 34\/2002, de 11 de julio, de Servicios de la Sociedad de la Informaci\u00f3n y Comercio Electr\u00f3nico, a continuaci\u00f3n se exponen los datos identificativos de la empresa. El presente portal de internet se pone al servicio de los usuarios por la entidad, cuyos [&hellip;]<\/p>\n","protected":false},"author":1,"featured_media":0,"parent":0,"menu_order":0,"comment_status":"closed","ping_status":"closed","template":"elementor_header_footer","meta":{"footnotes":""},"class_list":["post-1560","page","type-page","status-publish","hentry"],"yoast_head":"<!-- This site is optimized with the Yoast SEO plugin v27.3 - https:\/\/yoast.com\/product\/yoast-seo-wordpress\/ -->\n<title>Aviso legal - Tian<\/title>\n<meta name=\"robots\" content=\"index, follow, max-snippet:-1, max-image-preview:large, max-video-preview:-1\" \/>\n<link rel=\"canonical\" href=\"https:\/\/tiansl.es\/en\/aviso-legal\/\" \/>\n<meta property=\"og:locale\" content=\"en_GB\" \/>\n<meta property=\"og:type\" content=\"article\" \/>\n<meta property=\"og:title\" content=\"Aviso legal - Tian\" \/>\n<meta property=\"og:description\" content=\"Aviso legal INFORMACI\u00d3N LEGAL Y ACEPTACI\u00d3N En cumplimiento del art\u00edculo&nbsp;10 de la Ley 34\/2002, de 11 de julio, de Servicios de la Sociedad de la Informaci\u00f3n y Comercio Electr\u00f3nico, a continuaci\u00f3n se exponen los datos identificativos de la empresa. El presente portal de internet se pone al servicio de los usuarios por la entidad, cuyos [&hellip;]\" \/>\n<meta property=\"og:url\" content=\"https:\/\/tiansl.es\/en\/aviso-legal\/\" \/>\n<meta property=\"og:site_name\" content=\"Tian\" \/>\n<meta property=\"article:modified_time\" content=\"2026-03-12T11:33:07+00:00\" \/>\n<meta name=\"twitter:card\" content=\"summary_large_image\" \/>\n<meta name=\"twitter:label1\" content=\"Estimated reading time\" \/>\n\t<meta name=\"twitter:data1\" content=\"5 minutes\" \/>\n<script type=\"application\/ld+json\" class=\"yoast-schema-graph\">{\"@context\":\"https:\\\/\\\/schema.org\",\"@graph\":[{\"@type\":\"WebPage\",\"@id\":\"https:\\\/\\\/tiansl.es\\\/aviso-legal\\\/\",\"url\":\"https:\\\/\\\/tiansl.es\\\/aviso-legal\\\/\",\"name\":\"Aviso legal - Tian\",\"isPartOf\":{\"@id\":\"https:\\\/\\\/tiansl.es\\\/#website\"},\"datePublished\":\"2026-03-09T08:07:20+00:00\",\"dateModified\":\"2026-03-12T11:33:07+00:00\",\"breadcrumb\":{\"@id\":\"https:\\\/\\\/tiansl.es\\\/aviso-legal\\\/#breadcrumb\"},\"inLanguage\":\"en-GB\",\"potentialAction\":[{\"@type\":\"ReadAction\",\"target\":[\"https:\\\/\\\/tiansl.es\\\/aviso-legal\\\/\"]}]},{\"@type\":\"BreadcrumbList\",\"@id\":\"https:\\\/\\\/tiansl.es\\\/aviso-legal\\\/#breadcrumb\",\"itemListElement\":[{\"@type\":\"ListItem\",\"position\":1,\"name\":\"Portada\",\"item\":\"https:\\\/\\\/tiansl.es\\\/\"},{\"@type\":\"ListItem\",\"position\":2,\"name\":\"Aviso legal\"}]},{\"@type\":\"WebSite\",\"@id\":\"https:\\\/\\\/tiansl.es\\\/#website\",\"url\":\"https:\\\/\\\/tiansl.es\\\/\",\"name\":\"Tian\",\"description\":\"\",\"publisher\":{\"@id\":\"https:\\\/\\\/tiansl.es\\\/#organization\"},\"potentialAction\":[{\"@type\":\"SearchAction\",\"target\":{\"@type\":\"EntryPoint\",\"urlTemplate\":\"https:\\\/\\\/tiansl.es\\\/?s={search_term_string}\"},\"query-input\":{\"@type\":\"PropertyValueSpecification\",\"valueRequired\":true,\"valueName\":\"search_term_string\"}}],\"inLanguage\":\"en-GB\"},{\"@type\":\"Organization\",\"@id\":\"https:\\\/\\\/tiansl.es\\\/#organization\",\"name\":\"Tian\",\"url\":\"https:\\\/\\\/tiansl.es\\\/\",\"logo\":{\"@type\":\"ImageObject\",\"inLanguage\":\"en-GB\",\"@id\":\"https:\\\/\\\/tiansl.es\\\/#\\\/schema\\\/logo\\\/image\\\/\",\"url\":\"https:\\\/\\\/tiansl.es\\\/wp-content\\\/uploads\\\/2026\\\/02\\\/cropped-Diseno-sin-titulo-2-1.png\",\"contentUrl\":\"https:\\\/\\\/tiansl.es\\\/wp-content\\\/uploads\\\/2026\\\/02\\\/cropped-Diseno-sin-titulo-2-1.png\",\"width\":404,\"height\":167,\"caption\":\"Tian\"},\"image\":{\"@id\":\"https:\\\/\\\/tiansl.es\\\/#\\\/schema\\\/logo\\\/image\\\/\"}}]}<\/script>\n<!-- \/ Yoast SEO plugin. -->","yoast_head_json":{"title":"Aviso legal - Tian","robots":{"index":"index","follow":"follow","max-snippet":"max-snippet:-1","max-image-preview":"max-image-preview:large","max-video-preview":"max-video-preview:-1"},"canonical":"https:\/\/tiansl.es\/en\/aviso-legal\/","og_locale":"en_GB","og_type":"article","og_title":"Aviso legal - Tian","og_description":"Aviso legal INFORMACI\u00d3N LEGAL Y ACEPTACI\u00d3N En cumplimiento del art\u00edculo&nbsp;10 de la Ley 34\/2002, de 11 de julio, de Servicios de la Sociedad de la Informaci\u00f3n y Comercio Electr\u00f3nico, a continuaci\u00f3n se exponen los datos identificativos de la empresa. El presente portal de internet se pone al servicio de los usuarios por la entidad, cuyos [&hellip;]","og_url":"https:\/\/tiansl.es\/en\/aviso-legal\/","og_site_name":"Tian","article_modified_time":"2026-03-12T11:33:07+00:00","twitter_card":"summary_large_image","twitter_misc":{"Estimated reading time":"5 minutes"},"schema":{"@context":"https:\/\/schema.org","@graph":[{"@type":"WebPage","@id":"https:\/\/tiansl.es\/aviso-legal\/","url":"https:\/\/tiansl.es\/aviso-legal\/","name":"Aviso legal - Tian","isPartOf":{"@id":"https:\/\/tiansl.es\/#website"},"datePublished":"2026-03-09T08:07:20+00:00","dateModified":"2026-03-12T11:33:07+00:00","breadcrumb":{"@id":"https:\/\/tiansl.es\/aviso-legal\/#breadcrumb"},"inLanguage":"en-GB","potentialAction":[{"@type":"ReadAction","target":["https:\/\/tiansl.es\/aviso-legal\/"]}]},{"@type":"BreadcrumbList","@id":"https:\/\/tiansl.es\/aviso-legal\/#breadcrumb","itemListElement":[{"@type":"ListItem","position":1,"name":"Portada","item":"https:\/\/tiansl.es\/"},{"@type":"ListItem","position":2,"name":"Aviso legal"}]},{"@type":"WebSite","@id":"https:\/\/tiansl.es\/#website","url":"https:\/\/tiansl.es\/","name":"Tian","description":"","publisher":{"@id":"https:\/\/tiansl.es\/#organization"},"potentialAction":[{"@type":"SearchAction","target":{"@type":"EntryPoint","urlTemplate":"https:\/\/tiansl.es\/?s={search_term_string}"},"query-input":{"@type":"PropertyValueSpecification","valueRequired":true,"valueName":"search_term_string"}}],"inLanguage":"en-GB"},{"@type":"Organization","@id":"https:\/\/tiansl.es\/#organization","name":"Tian","url":"https:\/\/tiansl.es\/","logo":{"@type":"ImageObject","inLanguage":"en-GB","@id":"https:\/\/tiansl.es\/#\/schema\/logo\/image\/","url":"https:\/\/tiansl.es\/wp-content\/uploads\/2026\/02\/cropped-Diseno-sin-titulo-2-1.png","contentUrl":"https:\/\/tiansl.es\/wp-content\/uploads\/2026\/02\/cropped-Diseno-sin-titulo-2-1.png","width":404,"height":167,"caption":"Tian"},"image":{"@id":"https:\/\/tiansl.es\/#\/schema\/logo\/image\/"}}]}},"_links":{"self":[{"href":"https:\/\/tiansl.es\/en\/wp-json\/wp\/v2\/pages\/1560","targetHints":{"allow":["GET"]}}],"collection":[{"href":"https:\/\/tiansl.es\/en\/wp-json\/wp\/v2\/pages"}],"about":[{"href":"https:\/\/tiansl.es\/en\/wp-json\/wp\/v2\/types\/page"}],"author":[{"embeddable":true,"href":"https:\/\/tiansl.es\/en\/wp-json\/wp\/v2\/users\/1"}],"replies":[{"embeddable":true,"href":"https:\/\/tiansl.es\/en\/wp-json\/wp\/v2\/comments?post=1560"}],"version-history":[{"count":58,"href":"https:\/\/tiansl.es\/en\/wp-json\/wp\/v2\/pages\/1560\/revisions"}],"predecessor-version":[{"id":2437,"href":"https:\/\/tiansl.es\/en\/wp-json\/wp\/v2\/pages\/1560\/revisions\/2437"}],"wp:attachment":[{"href":"https:\/\/tiansl.es\/en\/wp-json\/wp\/v2\/media?parent=1560"}],"curies":[{"name":"wp","href":"https:\/\/api.w.org\/{rel}","templated":true}]}}